{"id":188,"date":"2024-12-30T16:35:04","date_gmt":"2024-12-30T08:35:04","guid":{"rendered":"http:\/\/www.guojivalve.com\/index.php\/product\/globe-valve-bs-2\/"},"modified":"2025-07-08T20:23:33","modified_gmt":"2025-07-08T12:23:33","slug":"valvula-de-mariposa-accionada-electrica","status":"publish","type":"product","link":"https:\/\/www.guojivalve.com\/es\/producto\/valvula-de-mariposa-accionada-electrica\/","title":{"rendered":"V\u00e1lvula de mariposa accionada el\u00e9ctricamente"},"content":{"rendered":"<h4><strong><b>V\u00e1lvula de mariposa accionada el\u00e9ctricamente<\/b><\/strong><\/h4>\n<p>B66051<\/p>\n<p>Tama\u00f1o: DN25-DN1400<\/p>\n<p>Perforaci\u00f3n: EN1092 PN10\/PN16\/JIS\/ANSI150\/AS Tabla D\/E<\/p>\n<p>Material del cuerpo: Hierro fundido\/Hierro d\u00factil\/CF8\/CF8M\/WCB\/Aluminio<\/p>\n<p>Material del asiento: (EPDM\/NBR\/Buna\/Viton\/PTFE\/Hypalon\/Silicona\/Neopreno)<\/p>\n<p>Material del disco: DI+Ni, CF8, CF8M, CF3M, Duplex SS, Al-Bronce, DI+Nailon, DI+PTFE, DI Epoxy, etc.<\/p>\n<p>Material del v\u00e1stago: 45#\/SS420\/SS410\/SS416\/SS316\/SS304\/acero inoxidable d\u00faplex<\/p>\n<p>&nbsp;<\/p>\n<p><img fetchpriority=\"high\" decoding=\"async\" class=\"alignnone wp-image-351\" src=\"http:\/\/www.guojivalve.com\/wp-content\/uploads\/2024\/12\/Electric-Actuated-Butterfly-Valve-1.jpg\" alt=\"\" width=\"1231\" height=\"1556\" srcset=\"https:\/\/www.guojivalve.com\/wp-content\/uploads\/2024\/12\/Electric-Actuated-Butterfly-Valve-1.jpg 546w, https:\/\/www.guojivalve.com\/wp-content\/uploads\/2024\/12\/Electric-Actuated-Butterfly-Valve-1-237x300.jpg 237w\" sizes=\"(max-width: 1231px) 100vw, 1231px\" \/><\/p>","protected":false},"excerpt":{"rendered":"<p>B66051<\/p>\n<p>Tama\u00f1o: DN25-DN1400<\/p>\n<p>Perforaci\u00f3n: EN1092 PN10\/PN16\/JIS\/ANSI150\/AS Tabla D\/E<\/p>\n<p>Material del cuerpo: Hierro fundido\/Hierro d\u00factil\/CF8\/CF8M\/WCB\/Aluminio<\/p>\n<p>Material del asiento: (EPDM\/NBR\/Buna\/Viton\/PTFE\/Hypalon\/Silicona\/Neopreno)<\/p>\n<p>Material del disco: DI+Ni, CF8, CF8M, CF3M, Duplex SS, Al-Bronce, DI+Nailon, DI+PTFE, DI Epoxy, etc.<\/p>\n<p>Material del v\u00e1stago: 45#\/SS420\/SS410\/SS416\/SS316\/SS304\/acero inoxidable d\u00faplex<\/p>","protected":false},"featured_media":352,"comment_status":"open","ping_status":"closed","template":"","meta":{"_acf_changed":false},"product_brand":[],"product_cat":[16],"product_tag":[],"class_list":{"0":"post-188","1":"product","2":"type-product","3":"status-publish","4":"has-post-thumbnail","6":"product_cat-butterfly-valves","8":"first","9":"instock","10":"shipping-taxable","11":"product-type-simple"},"acf":[],"_links":{"self":[{"href":"https:\/\/www.guojivalve.com\/es\/wp-json\/wp\/v2\/product\/188","targetHints":{"allow":["GET"]}}],"collection":[{"href":"https:\/\/www.guojivalve.com\/es\/wp-json\/wp\/v2\/product"}],"about":[{"href":"https:\/\/www.guojivalve.com\/es\/wp-json\/wp\/v2\/types\/product"}],"replies":[{"embeddable":true,"href":"https:\/\/www.guojivalve.com\/es\/wp-json\/wp\/v2\/comments?post=188"}],"wp:featuredmedia":[{"embeddable":true,"href":"https:\/\/www.guojivalve.com\/es\/wp-json\/wp\/v2\/media\/352"}],"wp:attachment":[{"href":"https:\/\/www.guojivalve.com\/es\/wp-json\/wp\/v2\/media?parent=188"}],"wp:term":[{"taxonomy":"product_brand","embeddable":true,"href":"https:\/\/www.guojivalve.com\/es\/wp-json\/wp\/v2\/product_brand?post=188"},{"taxonomy":"product_cat","embeddable":true,"href":"https:\/\/www.guojivalve.com\/es\/wp-json\/wp\/v2\/product_cat?post=188"},{"taxonomy":"product_tag","embeddable":true,"href":"https:\/\/www.guojivalve.com\/es\/wp-json\/wp\/v2\/product_tag?post=188"}],"curies":[{"name":"WP","href":"https:\/\/api.w.org\/{rel}","templated":true}]}}