{"id":599,"date":"2024-12-31T10:13:10","date_gmt":"2024-12-31T02:13:10","guid":{"rendered":"http:\/\/www.guojivalve.com\/?post_type=product&#038;p=599"},"modified":"2025-04-15T10:48:29","modified_gmt":"2025-04-15T02:48:29","slug":"valvulas-de-puerta-de-metal-no-ascendentes-b16-10","status":"publish","type":"product","link":"https:\/\/www.guojivalve.com\/es\/producto\/valvulas-de-puerta-de-metal-no-ascendentes-b16-10\/","title":{"rendered":"V\u00e1lvula de compuerta con asiento met\u00e1lico y v\u00e1stago no ascendente (ANSI B16.10)"},"content":{"rendered":"<h4><strong><b>V\u00e1lvula de compuerta con asiento met\u00e1lico y v\u00e1stago no ascendente (ANSI B16.10)<\/b><\/strong><\/h4>\n<p>GA66051<\/p>\n<p>Clasificaci\u00f3n: PN10\/PN16\/10K\/150LB<\/p>\n<p>Material del cuerpo: Hierro fundido\/hierro d\u00factil<\/p>\n<p>Material del asiento: (acero inoxidable\/lat\u00f3n\/bronce)<\/p>\n<p>Material de la cu\u00f1a: Hierro fundido\/hierro d\u00factil<\/p>\n<p>Material del v\u00e1stago: 45#\/SS420\/SS410\/SS416\/SS316\/SS304<\/p>\n<p><img fetchpriority=\"high\" decoding=\"async\" class=\"alignnone wp-image-600 size-full\" src=\"https:\/\/www.guojivalve.com\/wp-content\/uploads\/2024\/12\/Non-Rising-Stem-Metal-Seated-Gate-ValveANSI-B16-2.jpg\" alt=\"\" width=\"918\" height=\"1163\" srcset=\"https:\/\/www.guojivalve.com\/wp-content\/uploads\/2024\/12\/Non-Rising-Stem-Metal-Seated-Gate-ValveANSI-B16-2.jpg 918w, https:\/\/www.guojivalve.com\/wp-content\/uploads\/2024\/12\/Non-Rising-Stem-Metal-Seated-Gate-ValveANSI-B16-2-237x300.jpg 237w, https:\/\/www.guojivalve.com\/wp-content\/uploads\/2024\/12\/Non-Rising-Stem-Metal-Seated-Gate-ValveANSI-B16-2-808x1024.jpg 808w, https:\/\/www.guojivalve.com\/wp-content\/uploads\/2024\/12\/Non-Rising-Stem-Metal-Seated-Gate-ValveANSI-B16-2-768x973.jpg 768w, https:\/\/www.guojivalve.com\/wp-content\/uploads\/2024\/12\/Non-Rising-Stem-Metal-Seated-Gate-ValveANSI-B16-2-600x760.jpg 600w\" sizes=\"(max-width: 918px) 100vw, 918px\" \/><\/p>","protected":false},"excerpt":{"rendered":"<p>GA66051<\/p>\n<p>Clasificaci\u00f3n: PN10\/PN16\/10K\/150LB<\/p>\n<p>Material del cuerpo: Hierro fundido\/hierro d\u00factil<\/p>\n<p>Material del asiento: (acero inoxidable\/lat\u00f3n\/bronce)<\/p>\n<p>Material de la cu\u00f1a: Hierro fundido\/hierro d\u00factil<\/p>\n<p>Material del v\u00e1stago: 45#\/SS420\/SS410\/SS416\/SS316\/SS304<\/p>","protected":false},"featured_media":601,"comment_status":"open","ping_status":"closed","template":"","meta":{"_acf_changed":false},"product_brand":[],"product_cat":[19],"product_tag":[],"class_list":{"0":"post-599","1":"product","2":"type-product","3":"status-publish","4":"has-post-thumbnail","6":"product_cat-gate-valves","8":"first","9":"instock","10":"shipping-taxable","11":"product-type-simple"},"acf":[],"_links":{"self":[{"href":"https:\/\/www.guojivalve.com\/es\/wp-json\/wp\/v2\/product\/599","targetHints":{"allow":["GET"]}}],"collection":[{"href":"https:\/\/www.guojivalve.com\/es\/wp-json\/wp\/v2\/product"}],"about":[{"href":"https:\/\/www.guojivalve.com\/es\/wp-json\/wp\/v2\/types\/product"}],"replies":[{"embeddable":true,"href":"https:\/\/www.guojivalve.com\/es\/wp-json\/wp\/v2\/comments?post=599"}],"wp:featuredmedia":[{"embeddable":true,"href":"https:\/\/www.guojivalve.com\/es\/wp-json\/wp\/v2\/media\/601"}],"wp:attachment":[{"href":"https:\/\/www.guojivalve.com\/es\/wp-json\/wp\/v2\/media?parent=599"}],"wp:term":[{"taxonomy":"product_brand","embeddable":true,"href":"https:\/\/www.guojivalve.com\/es\/wp-json\/wp\/v2\/product_brand?post=599"},{"taxonomy":"product_cat","embeddable":true,"href":"https:\/\/www.guojivalve.com\/es\/wp-json\/wp\/v2\/product_cat?post=599"},{"taxonomy":"product_tag","embeddable":true,"href":"https:\/\/www.guojivalve.com\/es\/wp-json\/wp\/v2\/product_tag?post=599"}],"curies":[{"name":"WP","href":"https:\/\/api.w.org\/{rel}","templated":true}]}}