{"id":716,"date":"2024-12-31T15:21:07","date_gmt":"2024-12-31T07:21:07","guid":{"rendered":"http:\/\/www.guojivalve.com\/?post_type=product&#038;p=716"},"modified":"2025-04-15T10:26:45","modified_gmt":"2025-04-15T02:26:45","slug":"valvula-de-retencion-de-placa-doble-de-oblea-de-metal","status":"publish","type":"product","link":"https:\/\/www.guojivalve.com\/es\/producto\/valvula-de-retencion-de-placa-doble-de-oblea-de-metal\/","title":{"rendered":"V\u00e1lvula de retenci\u00f3n de doble placa con asiento met\u00e1lico tipo wafer"},"content":{"rendered":"<h4><strong><b>V\u00e1lvula de retenci\u00f3n de doble placa con asiento met\u00e1lico tipo wafer<\/b><\/strong><\/h4>\n<p>C66026<\/p>\n<p>Clasificaci\u00f3n: PN10\/PN16\/PN25\/PN40\/PN63\/150LB\/300LB\/600LB<\/p>\n<p>Material del cuerpo: WCB\/CF8\/CF8M\/Duplex SS<\/p>\n<p>Material del asiento: acero inoxidable\/aleaci\u00f3n ex\u00f3tica<\/p>\n<p>Material del disco: WCB\/CF8\/CF8M\/Duplex SS<\/p>\n<p>Material del v\u00e1stago: 45#\/SS420\/SS304\/SS316<\/p>\n<p><img fetchpriority=\"high\" decoding=\"async\" class=\"alignnone wp-image-724\" src=\"https:\/\/www.guojivalve.com\/wp-content\/uploads\/2024\/12\/Metal-Seated-Wafer-Dual-Plate-Check-Valve-9.jpg\" alt=\"\" width=\"1200\" height=\"862\" srcset=\"https:\/\/www.guojivalve.com\/wp-content\/uploads\/2024\/12\/Metal-Seated-Wafer-Dual-Plate-Check-Valve-9.jpg 1848w, https:\/\/www.guojivalve.com\/wp-content\/uploads\/2024\/12\/Metal-Seated-Wafer-Dual-Plate-Check-Valve-9-300x216.jpg 300w, https:\/\/www.guojivalve.com\/wp-content\/uploads\/2024\/12\/Metal-Seated-Wafer-Dual-Plate-Check-Valve-9-1024x736.jpg 1024w, https:\/\/www.guojivalve.com\/wp-content\/uploads\/2024\/12\/Metal-Seated-Wafer-Dual-Plate-Check-Valve-9-768x552.jpg 768w, https:\/\/www.guojivalve.com\/wp-content\/uploads\/2024\/12\/Metal-Seated-Wafer-Dual-Plate-Check-Valve-9-1536x1104.jpg 1536w, https:\/\/www.guojivalve.com\/wp-content\/uploads\/2024\/12\/Metal-Seated-Wafer-Dual-Plate-Check-Valve-9-600x431.jpg 600w\" sizes=\"(max-width: 1200px) 100vw, 1200px\" \/><\/p>","protected":false},"excerpt":{"rendered":"<p>C66026<\/p>\n<p>Clasificaci\u00f3n: PN10\/PN16\/PN25\/PN40\/PN63\/150LB\/300LB\/600LB<\/p>\n<p>Material del cuerpo: WCB\/CF8\/CF8M\/Duplex SS<\/p>\n<p>Material del asiento: acero inoxidable\/aleaci\u00f3n ex\u00f3tica<\/p>\n<p>Material del disco: WCB\/CF8\/CF8M\/Duplex SS<\/p>\n<p>Material del v\u00e1stago: 45#\/SS420\/SS304\/SS316<\/p>","protected":false},"featured_media":723,"comment_status":"open","ping_status":"closed","template":"","meta":{"_acf_changed":false},"product_brand":[],"product_cat":[17],"product_tag":[],"class_list":{"0":"post-716","1":"product","2":"type-product","3":"status-publish","4":"has-post-thumbnail","6":"product_cat-check-valves","8":"first","9":"instock","10":"shipping-taxable","11":"product-type-simple"},"acf":[],"_links":{"self":[{"href":"https:\/\/www.guojivalve.com\/es\/wp-json\/wp\/v2\/product\/716","targetHints":{"allow":["GET"]}}],"collection":[{"href":"https:\/\/www.guojivalve.com\/es\/wp-json\/wp\/v2\/product"}],"about":[{"href":"https:\/\/www.guojivalve.com\/es\/wp-json\/wp\/v2\/types\/product"}],"replies":[{"embeddable":true,"href":"https:\/\/www.guojivalve.com\/es\/wp-json\/wp\/v2\/comments?post=716"}],"wp:featuredmedia":[{"embeddable":true,"href":"https:\/\/www.guojivalve.com\/es\/wp-json\/wp\/v2\/media\/723"}],"wp:attachment":[{"href":"https:\/\/www.guojivalve.com\/es\/wp-json\/wp\/v2\/media?parent=716"}],"wp:term":[{"taxonomy":"product_brand","embeddable":true,"href":"https:\/\/www.guojivalve.com\/es\/wp-json\/wp\/v2\/product_brand?post=716"},{"taxonomy":"product_cat","embeddable":true,"href":"https:\/\/www.guojivalve.com\/es\/wp-json\/wp\/v2\/product_cat?post=716"},{"taxonomy":"product_tag","embeddable":true,"href":"https:\/\/www.guojivalve.com\/es\/wp-json\/wp\/v2\/product_tag?post=716"}],"curies":[{"name":"WP","href":"https:\/\/api.w.org\/{rel}","templated":true}]}}