{"id":360,"date":"2024-12-30T17:42:53","date_gmt":"2024-12-30T09:42:53","guid":{"rendered":"http:\/\/www.guojivalve.com\/index.php\/product\/y-strainer-5\/"},"modified":"2025-04-15T15:11:58","modified_gmt":"2025-04-15T07:11:58","slug":"lug-valve-papillon-tougue-et-siege-rainure","status":"publish","type":"product","link":"https:\/\/www.guojivalve.com\/fr\/produit\/lug-valve-papillon-tougue-et-siege-rainure\/","title":{"rendered":"Vanne papillon \u00e0 oreilles (si\u00e8ge \u00e0 languette et rainure)"},"content":{"rendered":"<h4><strong><b>Vanne papillon \u00e0 oreilles (si\u00e8ge \u00e0 languette et rainure)<\/b><\/strong><\/h4>\n<p>B66042<\/p>\n<p>\u00c9valuation : PN10\/PN16\/150LB\/<\/p>\n<p>Mat\u00e9riau du corps : Fonte\/Fonte ductile<\/p>\n<p>Mat\u00e9riau du si\u00e8ge : (EPDM\/NBR\/Viton)<\/p>\n<p>Mat\u00e9riau du disque\u00a0: DI+Ni, CF8, CF8M, Al-Bronze, DI+Nylon<\/p>\n<p>Mat\u00e9riau de la tige : 45#\/SS420\/SS410\/SS416\/SS316\/SS304\/acier inoxydable duplex<\/p>\n<p><img fetchpriority=\"high\" decoding=\"async\" class=\"alignnone wp-image-418 size-full\" src=\"https:\/\/www.guojivalve.com\/wp-content\/uploads\/2024\/12\/Lug-Butterfly-Valve-Tougue-and-Grooved-Seat-1.jpg\" alt=\"\" width=\"544\" height=\"690\" srcset=\"https:\/\/www.guojivalve.com\/wp-content\/uploads\/2024\/12\/Lug-Butterfly-Valve-Tougue-and-Grooved-Seat-1.jpg 544w, https:\/\/www.guojivalve.com\/wp-content\/uploads\/2024\/12\/Lug-Butterfly-Valve-Tougue-and-Grooved-Seat-1-237x300.jpg 237w\" sizes=\"(max-width: 544px) 100vw, 544px\" \/><\/p>","protected":false},"excerpt":{"rendered":"<p>B66042<\/p>\n<p>\u00c9valuation : PN10\/PN16\/150LB\/<\/p>\n<p>Mat\u00e9riau du corps : Fonte\/Fonte ductile<\/p>\n<p>Mat\u00e9riau du si\u00e8ge : (EPDM\/NBR\/Viton)<\/p>\n<p>Mat\u00e9riau du disque\u00a0: DI+Ni, CF8, CF8M, Al-Bronze, DI+Nylon<\/p>\n<p>Mat\u00e9riau de la tige : 45#\/SS420\/SS410\/SS416\/SS316\/SS304\/acier inoxydable duplex<\/p>\n<p>&nbsp;<\/p>","protected":false},"featured_media":419,"comment_status":"open","ping_status":"closed","template":"","meta":{"_acf_changed":false},"product_brand":[],"product_cat":[16],"product_tag":[],"class_list":{"0":"post-360","1":"product","2":"type-product","3":"status-publish","4":"has-post-thumbnail","6":"product_cat-butterfly-valves","8":"first","9":"instock","10":"shipping-taxable","11":"product-type-simple"},"acf":[],"_links":{"self":[{"href":"https:\/\/www.guojivalve.com\/fr\/wp-json\/wp\/v2\/product\/360","targetHints":{"allow":["GET"]}}],"collection":[{"href":"https:\/\/www.guojivalve.com\/fr\/wp-json\/wp\/v2\/product"}],"about":[{"href":"https:\/\/www.guojivalve.com\/fr\/wp-json\/wp\/v2\/types\/product"}],"replies":[{"embeddable":true,"href":"https:\/\/www.guojivalve.com\/fr\/wp-json\/wp\/v2\/comments?post=360"}],"wp:featuredmedia":[{"embeddable":true,"href":"https:\/\/www.guojivalve.com\/fr\/wp-json\/wp\/v2\/media\/419"}],"wp:attachment":[{"href":"https:\/\/www.guojivalve.com\/fr\/wp-json\/wp\/v2\/media?parent=360"}],"wp:term":[{"taxonomy":"product_brand","embeddable":true,"href":"https:\/\/www.guojivalve.com\/fr\/wp-json\/wp\/v2\/product_brand?post=360"},{"taxonomy":"product_cat","embeddable":true,"href":"https:\/\/www.guojivalve.com\/fr\/wp-json\/wp\/v2\/product_cat?post=360"},{"taxonomy":"product_tag","embeddable":true,"href":"https:\/\/www.guojivalve.com\/fr\/wp-json\/wp\/v2\/product_tag?post=360"}],"curies":[{"name":"WP","href":"https:\/\/api.w.org\/{rel}","templated":true}]}}