{"id":463,"date":"2024-12-30T18:10:52","date_gmt":"2024-12-30T10:10:52","guid":{"rendered":"http:\/\/www.guojivalve.com\/index.php\/product\/y-strainer-2-2-5\/"},"modified":"2025-04-15T15:10:30","modified_gmt":"2025-04-15T07:10:30","slug":"type-a-bride-de-vanne-papillon-triple-decalage","status":"publish","type":"product","link":"https:\/\/www.guojivalve.com\/fr\/produit\/type-a-bride-de-vanne-papillon-triple-decalage\/","title":{"rendered":"Vanne papillon \u00e0 triple excentration (type \u00e0 brides)"},"content":{"rendered":"<h4><strong><b>Vanne papillon \u00e0 triple excentration (type \u00e0 brides)<\/b><\/strong><\/h4>\n<p>B66048<\/p>\n<p>Taille : DN50-DN3500<\/p>\n<p>\u00c9valuation : PN10\/PN16\/PN25\/PN40\/150LB\/10K<\/p>\n<p>Mat\u00e9riau du corps : WCB\/SS304\/SS316\/SS316L<\/p>\n<p>Mat\u00e9riau du si\u00e8ge : (SS\/SS+Graphite\/PTFE\/RPTFE)<\/p>\n<p>Mat\u00e9riau du disque : WCB, SS304, SS316, SS316L<\/p>\n<p>Mat\u00e9riau de la tige : 45#\/SS420\/SS410\/SS416\/SS316\/SS304\/acier inoxydable duplex<\/p>\n<p><img fetchpriority=\"high\" decoding=\"async\" class=\"alignnone wp-image-532 size-full\" src=\"https:\/\/www.guojivalve.com\/wp-content\/uploads\/2024\/12\/Triple-Offset-Butterfly-Valve-Flanged-Type-3-1.jpg\" alt=\"\" width=\"908\" height=\"1163\" srcset=\"https:\/\/www.guojivalve.com\/wp-content\/uploads\/2024\/12\/Triple-Offset-Butterfly-Valve-Flanged-Type-3-1.jpg 908w, https:\/\/www.guojivalve.com\/wp-content\/uploads\/2024\/12\/Triple-Offset-Butterfly-Valve-Flanged-Type-3-1-234x300.jpg 234w, https:\/\/www.guojivalve.com\/wp-content\/uploads\/2024\/12\/Triple-Offset-Butterfly-Valve-Flanged-Type-3-1-799x1024.jpg 799w, https:\/\/www.guojivalve.com\/wp-content\/uploads\/2024\/12\/Triple-Offset-Butterfly-Valve-Flanged-Type-3-1-768x984.jpg 768w, https:\/\/www.guojivalve.com\/wp-content\/uploads\/2024\/12\/Triple-Offset-Butterfly-Valve-Flanged-Type-3-1-600x769.jpg 600w\" sizes=\"(max-width: 908px) 100vw, 908px\" \/><\/p>","protected":false},"excerpt":{"rendered":"<p>B66048<\/p>\n<p>Taille : DN50-DN3500<\/p>\n<p>\u00c9valuation : PN10\/PN16\/PN25\/PN40\/150LB\/10K<\/p>\n<p>Mat\u00e9riau du corps : WCB\/SS304\/SS316\/SS316L<\/p>\n<p>Mat\u00e9riau du si\u00e8ge : (SS\/SS+Graphite\/PTFE\/RPTFE)<\/p>\n<p>Mat\u00e9riau du disque : WCB, SS304, SS316, SS316L<\/p>\n<p>Mat\u00e9riau de la tige : 45#\/SS420\/SS410\/SS416\/SS316\/SS304\/acier inoxydable duplex<\/p>","protected":false},"featured_media":531,"comment_status":"open","ping_status":"closed","template":"","meta":{"_acf_changed":false},"product_brand":[],"product_cat":[16],"product_tag":[],"class_list":{"0":"post-463","1":"product","2":"type-product","3":"status-publish","4":"has-post-thumbnail","6":"product_cat-butterfly-valves","8":"first","9":"instock","10":"shipping-taxable","11":"product-type-simple"},"acf":[],"_links":{"self":[{"href":"https:\/\/www.guojivalve.com\/fr\/wp-json\/wp\/v2\/product\/463","targetHints":{"allow":["GET"]}}],"collection":[{"href":"https:\/\/www.guojivalve.com\/fr\/wp-json\/wp\/v2\/product"}],"about":[{"href":"https:\/\/www.guojivalve.com\/fr\/wp-json\/wp\/v2\/types\/product"}],"replies":[{"embeddable":true,"href":"https:\/\/www.guojivalve.com\/fr\/wp-json\/wp\/v2\/comments?post=463"}],"wp:featuredmedia":[{"embeddable":true,"href":"https:\/\/www.guojivalve.com\/fr\/wp-json\/wp\/v2\/media\/531"}],"wp:attachment":[{"href":"https:\/\/www.guojivalve.com\/fr\/wp-json\/wp\/v2\/media?parent=463"}],"wp:term":[{"taxonomy":"product_brand","embeddable":true,"href":"https:\/\/www.guojivalve.com\/fr\/wp-json\/wp\/v2\/product_brand?post=463"},{"taxonomy":"product_cat","embeddable":true,"href":"https:\/\/www.guojivalve.com\/fr\/wp-json\/wp\/v2\/product_cat?post=463"},{"taxonomy":"product_tag","embeddable":true,"href":"https:\/\/www.guojivalve.com\/fr\/wp-json\/wp\/v2\/product_tag?post=463"}],"curies":[{"name":"WP","href":"https:\/\/api.w.org\/{rel}","templated":true}]}}