{"id":467,"date":"2024-12-30T18:10:52","date_gmt":"2024-12-30T10:10:52","guid":{"rendered":"http:\/\/www.guojivalve.com\/index.php\/product\/y-strainer-2-2-9\/"},"modified":"2025-04-15T17:22:07","modified_gmt":"2025-04-15T09:22:07","slug":"ptfe-vannes-papillon-universelles-plaquette-siege","status":"publish","type":"product","link":"https:\/\/www.guojivalve.com\/fr\/produit\/ptfe-vannes-papillon-universelles-plaquette-siege\/","title":{"rendered":"Vannes papillon universelles \u00e0 si\u00e8ge PTFE"},"content":{"rendered":"<h4><strong><b>Vannes papillon universelles \u00e0 si\u00e8ge PTFE<\/b><\/strong><\/h4>\n<p>B66068<\/p>\n<p>Taille : DN25-DN600<\/p>\n<p>Levier \u00e0 main : Fonte mall\u00e9able\/Acier embouti\/Aluminium\/Acier inoxydable<\/p>\n<p>Per\u00e7age : EN1092 PN10\/PN16\/JIS\/ANSI150\/AS Tableau D\/E<\/p>\n<p>Mat\u00e9riau du corps : Fonte\/Fonte ductile\/CF8\/CF8M\/WCB\/Aluminium<\/p>\n<p>Mat\u00e9riau du si\u00e8ge : (EPDM\/NBR\/Buna\/Viton\/PTFE\/Hypalon\/Silicone\/N\u00e9opr\u00e8ne)<\/p>\n<p>Mat\u00e9riau du disque : DI+Ni,CF8,CF8M,CF3M,Duplex SS,Al-Bronze,DI+Nylon, DI+PTFE, DI Epoxy etc.<\/p>\n<p>Mat\u00e9riau de la tige : 45#\/SS420\/SS410\/SS416\/SS316\/SS304\/acier inoxydable duplex<\/p>\n<p><img fetchpriority=\"high\" decoding=\"async\" class=\"alignnone wp-image-493\" src=\"http:\/\/www.guojivalve.com\/wp-content\/uploads\/2024\/12\/Pneumatic-Butterfly-Valve-5-1.jpg\" alt=\"\" width=\"1247\" height=\"1588\" srcset=\"https:\/\/www.guojivalve.com\/wp-content\/uploads\/2024\/12\/Pneumatic-Butterfly-Valve-5-1.jpg 542w, https:\/\/www.guojivalve.com\/wp-content\/uploads\/2024\/12\/Pneumatic-Butterfly-Valve-5-1-236x300.jpg 236w\" sizes=\"(max-width: 1247px) 100vw, 1247px\" \/><\/p>","protected":false},"excerpt":{"rendered":"<p>B66068<\/p>\n<p>Taille : DN25-DN600<\/p>\n<p>Levier \u00e0 main : Fonte mall\u00e9able\/Acier embouti\/Aluminium\/Acier inoxydable<\/p>\n<p>Per\u00e7age : EN1092 PN10\/PN16\/JIS\/ANSI150\/AS Tableau D\/E<\/p>\n<p>Mat\u00e9riau du corps : Fonte\/Fonte ductile\/CF8\/CF8M\/WCB\/Aluminium<\/p>\n<p>Mat\u00e9riau du si\u00e8ge : (EPDM\/NBR\/Buna\/Viton\/PTFE\/Hypalon\/Silicone\/N\u00e9opr\u00e8ne)<\/p>\n<p>Mat\u00e9riau du disque : DI+Ni,CF8,CF8M,CF3M,Duplex SS,Al-Bronze,DI+Nylon, DI+PTFE, DI Epoxy etc.<\/p>\n<p>Mat\u00e9riau de la tige : 45#\/SS420\/SS410\/SS416\/SS316\/SS304\/acier inoxydable duplex<\/p>\n<p>&nbsp;<\/p>","protected":false},"featured_media":494,"comment_status":"open","ping_status":"closed","template":"","meta":{"_acf_changed":false},"product_brand":[],"product_cat":[16],"product_tag":[],"class_list":{"0":"post-467","1":"product","2":"type-product","3":"status-publish","4":"has-post-thumbnail","6":"product_cat-butterfly-valves","8":"first","9":"instock","10":"shipping-taxable","11":"product-type-simple"},"acf":[],"_links":{"self":[{"href":"https:\/\/www.guojivalve.com\/fr\/wp-json\/wp\/v2\/product\/467","targetHints":{"allow":["GET"]}}],"collection":[{"href":"https:\/\/www.guojivalve.com\/fr\/wp-json\/wp\/v2\/product"}],"about":[{"href":"https:\/\/www.guojivalve.com\/fr\/wp-json\/wp\/v2\/types\/product"}],"replies":[{"embeddable":true,"href":"https:\/\/www.guojivalve.com\/fr\/wp-json\/wp\/v2\/comments?post=467"}],"wp:featuredmedia":[{"embeddable":true,"href":"https:\/\/www.guojivalve.com\/fr\/wp-json\/wp\/v2\/media\/494"}],"wp:attachment":[{"href":"https:\/\/www.guojivalve.com\/fr\/wp-json\/wp\/v2\/media?parent=467"}],"wp:term":[{"taxonomy":"product_brand","embeddable":true,"href":"https:\/\/www.guojivalve.com\/fr\/wp-json\/wp\/v2\/product_brand?post=467"},{"taxonomy":"product_cat","embeddable":true,"href":"https:\/\/www.guojivalve.com\/fr\/wp-json\/wp\/v2\/product_cat?post=467"},{"taxonomy":"product_tag","embeddable":true,"href":"https:\/\/www.guojivalve.com\/fr\/wp-json\/wp\/v2\/product_tag?post=467"}],"curies":[{"name":"WP","href":"https:\/\/api.w.org\/{rel}","templated":true}]}}