{"id":595,"date":"2024-12-31T10:11:21","date_gmt":"2024-12-31T02:11:21","guid":{"rendered":"http:\/\/www.guojivalve.com\/?post_type=product&#038;p=595"},"modified":"2025-04-15T10:58:16","modified_gmt":"2025-04-15T02:58:16","slug":"metal-assis-ascendant-soupape-de-porte-de-tige-asme-b16-10","status":"publish","type":"product","link":"https:\/\/www.guojivalve.com\/fr\/produit\/metal-assis-ascendant-soupape-de-porte-de-tige-asme-b16-10\/","title":{"rendered":"Robinet-vanne \u00e0 tige montante et si\u00e8ge m\u00e9tallique (ASME B16.10)"},"content":{"rendered":"<h4><strong><b>Robinet-vanne \u00e0 tige montante et si\u00e8ge m\u00e9tallique (ASME B16.10)<\/b><\/strong><\/h4>\n<p>GA66054<\/p>\n<p>Classement : Classe 125\/Classe 150<\/p>\n<p>Mat\u00e9riau du corps : Fonte\/Fonte ductile<\/p>\n<p>Mat\u00e9riau du si\u00e8ge : (acier inoxydable\/laiton\/bronze)<\/p>\n<p>Mat\u00e9riau du coin : fonte\/fonte ductile<\/p>\n<p>Mat\u00e9riau de la tige : 45#\/SS420\/SS410\/SS416\/SS316\/SS304<\/p>\n<p><img fetchpriority=\"high\" decoding=\"async\" class=\"alignnone wp-image-596 size-full\" src=\"https:\/\/www.guojivalve.com\/wp-content\/uploads\/2024\/12\/Metal-Seated-Rising-Stem-Gate-Valve-ASME-B16-2.jpg\" alt=\"\" width=\"915\" height=\"1163\" srcset=\"https:\/\/www.guojivalve.com\/wp-content\/uploads\/2024\/12\/Metal-Seated-Rising-Stem-Gate-Valve-ASME-B16-2.jpg 915w, https:\/\/www.guojivalve.com\/wp-content\/uploads\/2024\/12\/Metal-Seated-Rising-Stem-Gate-Valve-ASME-B16-2-236x300.jpg 236w, https:\/\/www.guojivalve.com\/wp-content\/uploads\/2024\/12\/Metal-Seated-Rising-Stem-Gate-Valve-ASME-B16-2-806x1024.jpg 806w, https:\/\/www.guojivalve.com\/wp-content\/uploads\/2024\/12\/Metal-Seated-Rising-Stem-Gate-Valve-ASME-B16-2-768x976.jpg 768w, https:\/\/www.guojivalve.com\/wp-content\/uploads\/2024\/12\/Metal-Seated-Rising-Stem-Gate-Valve-ASME-B16-2-600x763.jpg 600w\" sizes=\"(max-width: 915px) 100vw, 915px\" \/><\/p>","protected":false},"excerpt":{"rendered":"<p>GA66054<\/p>\n<p>Classement : Classe 125\/Classe 150<\/p>\n<p>Mat\u00e9riau du corps : Fonte\/Fonte ductile<\/p>\n<p>Mat\u00e9riau du si\u00e8ge : (acier inoxydable\/laiton\/bronze)<\/p>\n<p>Mat\u00e9riau du coin : fonte\/fonte ductile<\/p>\n<p>Mat\u00e9riau de la tige : 45#\/SS420\/SS410\/SS416\/SS316\/SS304<\/p>","protected":false},"featured_media":597,"comment_status":"open","ping_status":"closed","template":"","meta":{"_acf_changed":false},"product_brand":[],"product_cat":[19],"product_tag":[],"class_list":{"0":"post-595","1":"product","2":"type-product","3":"status-publish","4":"has-post-thumbnail","6":"product_cat-gate-valves","8":"first","9":"instock","10":"shipping-taxable","11":"product-type-simple"},"acf":[],"_links":{"self":[{"href":"https:\/\/www.guojivalve.com\/fr\/wp-json\/wp\/v2\/product\/595","targetHints":{"allow":["GET"]}}],"collection":[{"href":"https:\/\/www.guojivalve.com\/fr\/wp-json\/wp\/v2\/product"}],"about":[{"href":"https:\/\/www.guojivalve.com\/fr\/wp-json\/wp\/v2\/types\/product"}],"replies":[{"embeddable":true,"href":"https:\/\/www.guojivalve.com\/fr\/wp-json\/wp\/v2\/comments?post=595"}],"wp:featuredmedia":[{"embeddable":true,"href":"https:\/\/www.guojivalve.com\/fr\/wp-json\/wp\/v2\/media\/597"}],"wp:attachment":[{"href":"https:\/\/www.guojivalve.com\/fr\/wp-json\/wp\/v2\/media?parent=595"}],"wp:term":[{"taxonomy":"product_brand","embeddable":true,"href":"https:\/\/www.guojivalve.com\/fr\/wp-json\/wp\/v2\/product_brand?post=595"},{"taxonomy":"product_cat","embeddable":true,"href":"https:\/\/www.guojivalve.com\/fr\/wp-json\/wp\/v2\/product_cat?post=595"},{"taxonomy":"product_tag","embeddable":true,"href":"https:\/\/www.guojivalve.com\/fr\/wp-json\/wp\/v2\/product_tag?post=595"}],"curies":[{"name":"WP","href":"https:\/\/api.w.org\/{rel}","templated":true}]}}