{"id":599,"date":"2024-12-31T10:13:10","date_gmt":"2024-12-31T02:13:10","guid":{"rendered":"http:\/\/www.guojivalve.com\/?post_type=product&#038;p=599"},"modified":"2025-04-15T10:48:29","modified_gmt":"2025-04-15T02:48:29","slug":"non-montant-tige-metal-assis-porte-valveansi-b16-10","status":"publish","type":"product","link":"https:\/\/www.guojivalve.com\/fr\/produit\/non-montant-tige-metal-assis-porte-valveansi-b16-10\/","title":{"rendered":"Robinet-vanne \u00e0 si\u00e8ge m\u00e9tallique \u00e0 tige non montante (ANSI B16.10)"},"content":{"rendered":"<h4><strong><b>Robinet-vanne \u00e0 si\u00e8ge m\u00e9tallique \u00e0 tige non montante (ANSI B16.10)<\/b><\/strong><\/h4>\n<p>GA66051<\/p>\n<p>\u00c9valuation : PN10\/PN16\/10K\/150LB<\/p>\n<p>Mat\u00e9riau du corps : Fonte\/Fonte ductile<\/p>\n<p>Mat\u00e9riau du si\u00e8ge : (acier inoxydable\/laiton\/bronze)<\/p>\n<p>Mat\u00e9riau du coin : fonte\/fonte ductile<\/p>\n<p>Mat\u00e9riau de la tige : 45#\/SS420\/SS410\/SS416\/SS316\/SS304<\/p>\n<p><img fetchpriority=\"high\" decoding=\"async\" class=\"alignnone wp-image-600 size-full\" src=\"https:\/\/www.guojivalve.com\/wp-content\/uploads\/2024\/12\/Non-Rising-Stem-Metal-Seated-Gate-ValveANSI-B16-2.jpg\" alt=\"\" width=\"918\" height=\"1163\" srcset=\"https:\/\/www.guojivalve.com\/wp-content\/uploads\/2024\/12\/Non-Rising-Stem-Metal-Seated-Gate-ValveANSI-B16-2.jpg 918w, https:\/\/www.guojivalve.com\/wp-content\/uploads\/2024\/12\/Non-Rising-Stem-Metal-Seated-Gate-ValveANSI-B16-2-237x300.jpg 237w, https:\/\/www.guojivalve.com\/wp-content\/uploads\/2024\/12\/Non-Rising-Stem-Metal-Seated-Gate-ValveANSI-B16-2-808x1024.jpg 808w, https:\/\/www.guojivalve.com\/wp-content\/uploads\/2024\/12\/Non-Rising-Stem-Metal-Seated-Gate-ValveANSI-B16-2-768x973.jpg 768w, https:\/\/www.guojivalve.com\/wp-content\/uploads\/2024\/12\/Non-Rising-Stem-Metal-Seated-Gate-ValveANSI-B16-2-600x760.jpg 600w\" sizes=\"(max-width: 918px) 100vw, 918px\" \/><\/p>","protected":false},"excerpt":{"rendered":"<p>GA66051<\/p>\n<p>\u00c9valuation : PN10\/PN16\/10K\/150LB<\/p>\n<p>Mat\u00e9riau du corps : Fonte\/Fonte ductile<\/p>\n<p>Mat\u00e9riau du si\u00e8ge : (acier inoxydable\/laiton\/bronze)<\/p>\n<p>Mat\u00e9riau du coin : fonte\/fonte ductile<\/p>\n<p>Mat\u00e9riau de la tige : 45#\/SS420\/SS410\/SS416\/SS316\/SS304<\/p>","protected":false},"featured_media":601,"comment_status":"open","ping_status":"closed","template":"","meta":{"_acf_changed":false},"product_brand":[],"product_cat":[19],"product_tag":[],"class_list":{"0":"post-599","1":"product","2":"type-product","3":"status-publish","4":"has-post-thumbnail","6":"product_cat-gate-valves","8":"first","9":"instock","10":"shipping-taxable","11":"product-type-simple"},"acf":[],"_links":{"self":[{"href":"https:\/\/www.guojivalve.com\/fr\/wp-json\/wp\/v2\/product\/599","targetHints":{"allow":["GET"]}}],"collection":[{"href":"https:\/\/www.guojivalve.com\/fr\/wp-json\/wp\/v2\/product"}],"about":[{"href":"https:\/\/www.guojivalve.com\/fr\/wp-json\/wp\/v2\/types\/product"}],"replies":[{"embeddable":true,"href":"https:\/\/www.guojivalve.com\/fr\/wp-json\/wp\/v2\/comments?post=599"}],"wp:featuredmedia":[{"embeddable":true,"href":"https:\/\/www.guojivalve.com\/fr\/wp-json\/wp\/v2\/media\/601"}],"wp:attachment":[{"href":"https:\/\/www.guojivalve.com\/fr\/wp-json\/wp\/v2\/media?parent=599"}],"wp:term":[{"taxonomy":"product_brand","embeddable":true,"href":"https:\/\/www.guojivalve.com\/fr\/wp-json\/wp\/v2\/product_brand?post=599"},{"taxonomy":"product_cat","embeddable":true,"href":"https:\/\/www.guojivalve.com\/fr\/wp-json\/wp\/v2\/product_cat?post=599"},{"taxonomy":"product_tag","embeddable":true,"href":"https:\/\/www.guojivalve.com\/fr\/wp-json\/wp\/v2\/product_tag?post=599"}],"curies":[{"name":"WP","href":"https:\/\/api.w.org\/{rel}","templated":true}]}}