{"id":619,"date":"2024-12-31T11:48:41","date_gmt":"2024-12-31T03:48:41","guid":{"rendered":"http:\/\/www.guojivalve.com\/?post_type=product&#038;p=619"},"modified":"2025-07-08T20:25:52","modified_gmt":"2025-07-08T12:25:52","slug":"siege-elastique-non-montant-soupape-de-porte-de-tige-dlin-f5","status":"publish","type":"product","link":"https:\/\/www.guojivalve.com\/fr\/produit\/siege-elastique-non-montant-soupape-de-porte-de-tige-dlin-f5\/","title":{"rendered":"Vanne \u00e0 guillotine \u00e0 si\u00e8ge r\u00e9silient et \u00e0 tige non montante (DlIN F5)"},"content":{"rendered":"<h4><strong><b>Robinet-vanne \u00e0 si\u00e8ge r\u00e9silient et tige non montante (DIN F5)<\/b><\/strong><\/h4>\n<p>GA66061<\/p>\n<p>\u00c9valuation : PN10\/PN16\/10K\/150LB<\/p>\n<p>Mat\u00e9riau du corps : Fonte\/Fonte ductile<\/p>\n<p>Mat\u00e9riau du si\u00e8ge : (EPDM\/NBR)<\/p>\n<p>Mat\u00e9riau du coin : fonte\/fonte ductile<\/p>\n<p>Mat\u00e9riau de la tige : 45#\/SS420\/SS410\/SS416\/SS316\/SS304<\/p>\n<p><img fetchpriority=\"high\" decoding=\"async\" class=\"alignnone wp-image-621 size-full\" src=\"https:\/\/www.guojivalve.com\/wp-content\/uploads\/2024\/12\/Resilient-Seat-Non-Rising-Stem-Gate-Valve-DIN-F5-1.jpg\" alt=\"\" width=\"915\" height=\"1163\" srcset=\"https:\/\/www.guojivalve.com\/wp-content\/uploads\/2024\/12\/Resilient-Seat-Non-Rising-Stem-Gate-Valve-DIN-F5-1.jpg 915w, https:\/\/www.guojivalve.com\/wp-content\/uploads\/2024\/12\/Resilient-Seat-Non-Rising-Stem-Gate-Valve-DIN-F5-1-236x300.jpg 236w, https:\/\/www.guojivalve.com\/wp-content\/uploads\/2024\/12\/Resilient-Seat-Non-Rising-Stem-Gate-Valve-DIN-F5-1-806x1024.jpg 806w, https:\/\/www.guojivalve.com\/wp-content\/uploads\/2024\/12\/Resilient-Seat-Non-Rising-Stem-Gate-Valve-DIN-F5-1-768x976.jpg 768w, https:\/\/www.guojivalve.com\/wp-content\/uploads\/2024\/12\/Resilient-Seat-Non-Rising-Stem-Gate-Valve-DIN-F5-1-600x763.jpg 600w\" sizes=\"(max-width: 915px) 100vw, 915px\" \/><\/p>","protected":false},"excerpt":{"rendered":"<p>GA66061<\/p>\n<p>\u00c9valuation : PN10\/PN16\/10K\/150LB<\/p>\n<p>Mat\u00e9riau du corps : Fonte\/Fonte ductile<\/p>\n<p>Mat\u00e9riau du si\u00e8ge : (EPDM\/NBR)<\/p>\n<p>Mat\u00e9riau du coin : fonte\/fonte ductile<\/p>\n<p>Mat\u00e9riau de la tige : 45#\/SS420\/SS410\/SS416\/SS316\/SS304<\/p>","protected":false},"featured_media":620,"comment_status":"open","ping_status":"closed","template":"","meta":{"_acf_changed":false},"product_brand":[],"product_cat":[19],"product_tag":[],"class_list":{"0":"post-619","1":"product","2":"type-product","3":"status-publish","4":"has-post-thumbnail","6":"product_cat-gate-valves","8":"first","9":"instock","10":"shipping-taxable","11":"product-type-simple"},"acf":[],"_links":{"self":[{"href":"https:\/\/www.guojivalve.com\/fr\/wp-json\/wp\/v2\/product\/619","targetHints":{"allow":["GET"]}}],"collection":[{"href":"https:\/\/www.guojivalve.com\/fr\/wp-json\/wp\/v2\/product"}],"about":[{"href":"https:\/\/www.guojivalve.com\/fr\/wp-json\/wp\/v2\/types\/product"}],"replies":[{"embeddable":true,"href":"https:\/\/www.guojivalve.com\/fr\/wp-json\/wp\/v2\/comments?post=619"}],"wp:featuredmedia":[{"embeddable":true,"href":"https:\/\/www.guojivalve.com\/fr\/wp-json\/wp\/v2\/media\/620"}],"wp:attachment":[{"href":"https:\/\/www.guojivalve.com\/fr\/wp-json\/wp\/v2\/media?parent=619"}],"wp:term":[{"taxonomy":"product_brand","embeddable":true,"href":"https:\/\/www.guojivalve.com\/fr\/wp-json\/wp\/v2\/product_brand?post=619"},{"taxonomy":"product_cat","embeddable":true,"href":"https:\/\/www.guojivalve.com\/fr\/wp-json\/wp\/v2\/product_cat?post=619"},{"taxonomy":"product_tag","embeddable":true,"href":"https:\/\/www.guojivalve.com\/fr\/wp-json\/wp\/v2\/product_tag?post=619"}],"curies":[{"name":"WP","href":"https:\/\/api.w.org\/{rel}","templated":true}]}}