{"id":642,"date":"2024-12-31T11:57:40","date_gmt":"2024-12-31T03:57:40","guid":{"rendered":"http:\/\/www.guojivalve.com\/?post_type=product&#038;p=642"},"modified":"2025-04-15T10:44:29","modified_gmt":"2025-04-15T02:44:29","slug":"ascendant-tige-metal-assis-vanne-de-grille-bs5163","status":"publish","type":"product","link":"https:\/\/www.guojivalve.com\/fr\/produit\/ascendant-tige-metal-assis-vanne-de-grille-bs5163\/","title":{"rendered":"Robinet-vanne \u00e0 tige montante et si\u00e8ge m\u00e9tallique (BS5163)"},"content":{"rendered":"<h4><strong><b>Robinet-vanne \u00e0 tige montante et si\u00e8ge m\u00e9tallique (BS5163)<\/b><\/strong><\/h4>\n<p>GA66055<\/p>\n<p>\u00c9valuation : PN10\/PN16\/10K\/150LB<\/p>\n<p>Mat\u00e9riau du corps : Fonte\/Fonte ductile<\/p>\n<p>Mat\u00e9riau du si\u00e8ge : (acier inoxydable\/laiton\/bronze)<\/p>\n<p>Mat\u00e9riau du coin : fonte\/fonte ductile<\/p>\n<p>Mat\u00e9riau de la tige : 45#\/SS420\/SS410\/SS416\/SS316\/SS304<\/p>\n<p><img fetchpriority=\"high\" decoding=\"async\" class=\"alignnone wp-image-643 size-full\" src=\"https:\/\/www.guojivalve.com\/wp-content\/uploads\/2024\/12\/Rising-Stem-Metal-Seated-Gate-Valve-BS5163-2.jpg\" alt=\"\" width=\"910\" height=\"1163\" srcset=\"https:\/\/www.guojivalve.com\/wp-content\/uploads\/2024\/12\/Rising-Stem-Metal-Seated-Gate-Valve-BS5163-2.jpg 910w, https:\/\/www.guojivalve.com\/wp-content\/uploads\/2024\/12\/Rising-Stem-Metal-Seated-Gate-Valve-BS5163-2-235x300.jpg 235w, https:\/\/www.guojivalve.com\/wp-content\/uploads\/2024\/12\/Rising-Stem-Metal-Seated-Gate-Valve-BS5163-2-801x1024.jpg 801w, https:\/\/www.guojivalve.com\/wp-content\/uploads\/2024\/12\/Rising-Stem-Metal-Seated-Gate-Valve-BS5163-2-768x982.jpg 768w, https:\/\/www.guojivalve.com\/wp-content\/uploads\/2024\/12\/Rising-Stem-Metal-Seated-Gate-Valve-BS5163-2-600x767.jpg 600w\" sizes=\"(max-width: 910px) 100vw, 910px\" \/><\/p>","protected":false},"excerpt":{"rendered":"<p>GA66055<\/p>\n<p>\u00c9valuation : PN10\/PN16\/10K\/150LB<\/p>\n<p>Mat\u00e9riau du corps : Fonte\/Fonte ductile<\/p>\n<p>Mat\u00e9riau du si\u00e8ge : (acier inoxydable\/laiton\/bronze)<\/p>\n<p>Mat\u00e9riau du coin : fonte\/fonte ductile<\/p>\n<p>Mat\u00e9riau de la tige : 45#\/SS420\/SS410\/SS416\/SS316\/SS304<\/p>","protected":false},"featured_media":644,"comment_status":"open","ping_status":"closed","template":"","meta":{"_acf_changed":false},"product_brand":[],"product_cat":[19],"product_tag":[],"class_list":{"0":"post-642","1":"product","2":"type-product","3":"status-publish","4":"has-post-thumbnail","6":"product_cat-gate-valves","8":"first","9":"instock","10":"shipping-taxable","11":"product-type-simple"},"acf":[],"_links":{"self":[{"href":"https:\/\/www.guojivalve.com\/fr\/wp-json\/wp\/v2\/product\/642","targetHints":{"allow":["GET"]}}],"collection":[{"href":"https:\/\/www.guojivalve.com\/fr\/wp-json\/wp\/v2\/product"}],"about":[{"href":"https:\/\/www.guojivalve.com\/fr\/wp-json\/wp\/v2\/types\/product"}],"replies":[{"embeddable":true,"href":"https:\/\/www.guojivalve.com\/fr\/wp-json\/wp\/v2\/comments?post=642"}],"wp:featuredmedia":[{"embeddable":true,"href":"https:\/\/www.guojivalve.com\/fr\/wp-json\/wp\/v2\/media\/644"}],"wp:attachment":[{"href":"https:\/\/www.guojivalve.com\/fr\/wp-json\/wp\/v2\/media?parent=642"}],"wp:term":[{"taxonomy":"product_brand","embeddable":true,"href":"https:\/\/www.guojivalve.com\/fr\/wp-json\/wp\/v2\/product_brand?post=642"},{"taxonomy":"product_cat","embeddable":true,"href":"https:\/\/www.guojivalve.com\/fr\/wp-json\/wp\/v2\/product_cat?post=642"},{"taxonomy":"product_tag","embeddable":true,"href":"https:\/\/www.guojivalve.com\/fr\/wp-json\/wp\/v2\/product_tag?post=642"}],"curies":[{"name":"WP","href":"https:\/\/api.w.org\/{rel}","templated":true}]}}