{"id":648,"date":"2024-12-31T12:01:14","date_gmt":"2024-12-31T04:01:14","guid":{"rendered":"http:\/\/www.guojivalve.com\/?post_type=product&#038;p=648"},"modified":"2025-07-08T20:26:53","modified_gmt":"2025-07-08T12:26:53","slug":"sabs664-vanne-de-grille-a-tige-non-montante","status":"publish","type":"product","link":"https:\/\/www.guojivalve.com\/fr\/produit\/sabs664-vanne-de-grille-a-tige-non-montante\/","title":{"rendered":"Vanne \u00e0 guillotine \u00e0 tige non montante SABS664"},"content":{"rendered":"<h4><strong><b>Vanne \u00e0 guillotine \u00e0 tige non montante SABS664<\/b><\/strong><\/h4>\n<p>GA66068<\/p>\n<p>Note: sabs 1000 {{url_placeholder_0}} 1600 {{url_placeholder_1}}<\/p>\n<p>Mat\u00e9riau du corps : fonte ductile<\/p>\n<p>Mat\u00e9riau du si\u00e8ge : (EPDM\/NBR)<\/p>\n<p>Mat\u00e9riau du coin : fonte ductile<\/p>\n<p>Mat\u00e9riau de la tige : 45#\/SS420\/SS410\/SS416\/SS316\/SS304<\/p>\n<p><img fetchpriority=\"high\" decoding=\"async\" class=\"alignnone wp-image-649\" src=\"http:\/\/www.guojivalve.com\/wp-content\/uploads\/2024\/12\/SABS664-Non-Rising-Stem-Gate-Valve-1-1024x724.jpg\" alt=\"\" width=\"1255\" height=\"888\" srcset=\"\" sizes=\"(max-width: 1255px) 100vw, 1255px\" data-srcset=\"\" \/><\/p>","protected":false},"excerpt":{"rendered":"<p>GA66068<\/p>\n<p>Note: sabs 1000 {{url_placeholder_0}} 1600 {{url_placeholder_1}}<\/p>\n<p>Mat\u00e9riau du corps : fonte ductile<\/p>\n<p>Mat\u00e9riau du si\u00e8ge : (EPDM\/NBR)<\/p>\n<p>Mat\u00e9riau du coin : fonte ductile<\/p>\n<p>Mat\u00e9riau de la tige : 45#\/SS420\/SS410\/SS416\/SS316\/SS304<\/p>","protected":false},"featured_media":650,"comment_status":"open","ping_status":"closed","template":"","meta":{"_acf_changed":false},"product_brand":[],"product_cat":[19],"product_tag":[],"class_list":{"0":"post-648","1":"product","2":"type-product","3":"status-publish","4":"has-post-thumbnail","6":"product_cat-gate-valves","8":"first","9":"instock","10":"shipping-taxable","11":"product-type-simple"},"acf":[],"_links":{"self":[{"href":"https:\/\/www.guojivalve.com\/fr\/wp-json\/wp\/v2\/product\/648","targetHints":{"allow":["GET"]}}],"collection":[{"href":"https:\/\/www.guojivalve.com\/fr\/wp-json\/wp\/v2\/product"}],"about":[{"href":"https:\/\/www.guojivalve.com\/fr\/wp-json\/wp\/v2\/types\/product"}],"replies":[{"embeddable":true,"href":"https:\/\/www.guojivalve.com\/fr\/wp-json\/wp\/v2\/comments?post=648"}],"wp:featuredmedia":[{"embeddable":true,"href":"https:\/\/www.guojivalve.com\/fr\/wp-json\/wp\/v2\/media\/650"}],"wp:attachment":[{"href":"https:\/\/www.guojivalve.com\/fr\/wp-json\/wp\/v2\/media?parent=648"}],"wp:term":[{"taxonomy":"product_brand","embeddable":true,"href":"https:\/\/www.guojivalve.com\/fr\/wp-json\/wp\/v2\/product_brand?post=648"},{"taxonomy":"product_cat","embeddable":true,"href":"https:\/\/www.guojivalve.com\/fr\/wp-json\/wp\/v2\/product_cat?post=648"},{"taxonomy":"product_tag","embeddable":true,"href":"https:\/\/www.guojivalve.com\/fr\/wp-json\/wp\/v2\/product_tag?post=648"}],"curies":[{"name":"WP","href":"https:\/\/api.w.org\/{rel}","templated":true}]}}