{"id":358,"date":"2024-12-30T17:42:53","date_gmt":"2024-12-30T09:42:53","guid":{"rendered":"http:\/\/www.guojivalve.com\/index.php\/product\/y-strainer-3\/"},"modified":"2025-07-08T20:25:11","modified_gmt":"2025-07-08T12:25:11","slug":"valvula-pneumatica-de-borboleta","status":"publish","type":"product","link":"https:\/\/www.guojivalve.com\/pt\/produto\/valvula-pneumatica-de-borboleta\/","title":{"rendered":"V\u00e1lvula borboleta pneum\u00e1tica"},"content":{"rendered":"<h4><strong><b>V\u00e1lvula borboleta pneum\u00e1tica<\/b><\/strong><\/h4>\n<p>B66052<\/p>\n<p>Classifica\u00e7\u00e3o: PN10\/PN16\/10K\/150LB<\/p>\n<p>Material do corpo: Ferro fundido\/Ferro d\u00factil\/WCB\/CF8\/CF8M<\/p>\n<p>Material do assento: (EPDM\/NBR\/Viton\/PTFE)<\/p>\n<p>Material do disco: DI+Ni,CF8,CF8M,CF3M,Al-Bronze,DI+Nylon,DI+PTFE<\/p>\n<p>Material da haste: 45#\/SS420\/SS410\/SS416\/SS316\/SS304\/A\u00e7o inoxid\u00e1vel duplex<\/p>\n<p><img fetchpriority=\"high\" decoding=\"async\" class=\"alignnone wp-image-431 size-full\" src=\"https:\/\/www.guojivalve.com\/wp-content\/uploads\/2024\/12\/Pneumatic-Butterfly-Valve-5.jpg\" alt=\"\" width=\"542\" height=\"690\" srcset=\"https:\/\/www.guojivalve.com\/wp-content\/uploads\/2024\/12\/Pneumatic-Butterfly-Valve-5.jpg 542w, https:\/\/www.guojivalve.com\/wp-content\/uploads\/2024\/12\/Pneumatic-Butterfly-Valve-5-236x300.jpg 236w\" sizes=\"(max-width: 542px) 100vw, 542px\" \/><\/p>","protected":false},"excerpt":{"rendered":"<p>B66052<\/p>\n<p>Classifica\u00e7\u00e3o: PN10\/PN16\/10K\/150LB<\/p>\n<p>Material do corpo: Ferro fundido\/Ferro d\u00factil\/WCB\/CF8\/CF8M<\/p>\n<p>Material do assento: (EPDM\/NBR\/Viton\/PTFE)<\/p>\n<p>Material do disco: DI+Ni,CF8,CF8M,CF3M,Al-Bronze,DI+Nylon,DI+PTFE<\/p>\n<p>Material da haste: 45#\/SS420\/SS410\/SS416\/SS316\/SS304\/A\u00e7o inoxid\u00e1vel duplex<\/p>","protected":false},"featured_media":432,"comment_status":"open","ping_status":"closed","template":"","meta":{"_acf_changed":false},"product_brand":[],"product_cat":[16],"product_tag":[],"class_list":{"0":"post-358","1":"product","2":"type-product","3":"status-publish","4":"has-post-thumbnail","6":"product_cat-butterfly-valves","8":"first","9":"instock","10":"shipping-taxable","11":"product-type-simple"},"acf":[],"_links":{"self":[{"href":"https:\/\/www.guojivalve.com\/pt\/wp-json\/wp\/v2\/product\/358","targetHints":{"allow":["GET"]}}],"collection":[{"href":"https:\/\/www.guojivalve.com\/pt\/wp-json\/wp\/v2\/product"}],"about":[{"href":"https:\/\/www.guojivalve.com\/pt\/wp-json\/wp\/v2\/types\/product"}],"replies":[{"embeddable":true,"href":"https:\/\/www.guojivalve.com\/pt\/wp-json\/wp\/v2\/comments?post=358"}],"wp:featuredmedia":[{"embeddable":true,"href":"https:\/\/www.guojivalve.com\/pt\/wp-json\/wp\/v2\/media\/432"}],"wp:attachment":[{"href":"https:\/\/www.guojivalve.com\/pt\/wp-json\/wp\/v2\/media?parent=358"}],"wp:term":[{"taxonomy":"product_brand","embeddable":true,"href":"https:\/\/www.guojivalve.com\/pt\/wp-json\/wp\/v2\/product_brand?post=358"},{"taxonomy":"product_cat","embeddable":true,"href":"https:\/\/www.guojivalve.com\/pt\/wp-json\/wp\/v2\/product_cat?post=358"},{"taxonomy":"product_tag","embeddable":true,"href":"https:\/\/www.guojivalve.com\/pt\/wp-json\/wp\/v2\/product_tag?post=358"}],"curies":[{"name":"wp","href":"https:\/\/api.w.org\/{rel}","templated":true}]}}