{"id":464,"date":"2024-12-30T18:10:52","date_gmt":"2024-12-30T10:10:52","guid":{"rendered":"http:\/\/www.guojivalve.com\/index.php\/product\/y-strainer-2-2-6\/"},"modified":"2025-04-15T15:10:06","modified_gmt":"2025-04-15T07:10:06","slug":"triplo-tipo-de-vaga-de-valvula-de-borboleta-eccentrica","status":"publish","type":"product","link":"https:\/\/www.guojivalve.com\/pt\/produto\/triplo-tipo-de-vaga-de-valvula-de-borboleta-eccentrica\/","title":{"rendered":"V\u00e1lvula de borboleta exc\u00eantrica tripla (tipo de wafer)"},"content":{"rendered":"<h4><strong><b>V\u00e1lvula de borboleta exc\u00eantrica tripla (tipo de wafer)<\/b><\/strong><\/h4>\n<p>B66047<\/p>\n<p>Tamanho: DN50-DN1200<\/p>\n<p>Classifica\u00e7\u00e3o: PN10\/PN16\/PN25\/PN40\/150LB\/10K<\/p>\n<p>Material corporal: wcb {{url_placeholder_0}}<\/p>\n<p>Material do assento: (SS\/SS+Grafite\/PTFE\/RPTFE)<\/p>\n<p>Material do disco: WCB, SS304, SS316, SS316L {{url_placeholder_0}}<\/p>\n<p>Material da haste: 45#\/SS420\/SS410\/SS416\/SS316\/SS304\/A\u00e7o inoxid\u00e1vel duplex<\/p>\n<p><img fetchpriority=\"high\" decoding=\"async\" class=\"alignnone wp-image-514 size-full\" src=\"https:\/\/www.guojivalve.com\/wp-content\/uploads\/2024\/12\/Triple-Eccentric-Butterfly-Valve-Wafer-Type-2.jpg\" alt=\"\" width=\"544\" height=\"690\" srcset=\"https:\/\/www.guojivalve.com\/wp-content\/uploads\/2024\/12\/Triple-Eccentric-Butterfly-Valve-Wafer-Type-2.jpg 544w, https:\/\/www.guojivalve.com\/wp-content\/uploads\/2024\/12\/Triple-Eccentric-Butterfly-Valve-Wafer-Type-2-237x300.jpg 237w\" sizes=\"(max-width: 544px) 100vw, 544px\" \/><\/p>","protected":false},"excerpt":{"rendered":"<p>B66047<\/p>\n<p>Tamanho: DN50-DN1200<\/p>\n<p>Classifica\u00e7\u00e3o: PN10\/PN16\/PN25\/PN40\/150LB\/10K<\/p>\n<p>Material corporal: wcb {{url_placeholder_0}}<\/p>\n<p>Material do assento: (SS\/SS+Grafite\/PTFE\/RPTFE)<\/p>\n<p>Material do disco: WCB, SS304, SS316, SS316L {{url_placeholder_0}}<\/p>\n<p>Material da haste: 45#\/SS420\/SS410\/SS416\/SS316\/SS304\/A\u00e7o inoxid\u00e1vel duplex<\/p>","protected":false},"featured_media":515,"comment_status":"open","ping_status":"closed","template":"","meta":{"_acf_changed":false},"product_brand":[],"product_cat":[16],"product_tag":[],"class_list":{"0":"post-464","1":"product","2":"type-product","3":"status-publish","4":"has-post-thumbnail","6":"product_cat-butterfly-valves","8":"first","9":"instock","10":"shipping-taxable","11":"product-type-simple"},"acf":[],"_links":{"self":[{"href":"https:\/\/www.guojivalve.com\/pt\/wp-json\/wp\/v2\/product\/464","targetHints":{"allow":["GET"]}}],"collection":[{"href":"https:\/\/www.guojivalve.com\/pt\/wp-json\/wp\/v2\/product"}],"about":[{"href":"https:\/\/www.guojivalve.com\/pt\/wp-json\/wp\/v2\/types\/product"}],"replies":[{"embeddable":true,"href":"https:\/\/www.guojivalve.com\/pt\/wp-json\/wp\/v2\/comments?post=464"}],"wp:featuredmedia":[{"embeddable":true,"href":"https:\/\/www.guojivalve.com\/pt\/wp-json\/wp\/v2\/media\/515"}],"wp:attachment":[{"href":"https:\/\/www.guojivalve.com\/pt\/wp-json\/wp\/v2\/media?parent=464"}],"wp:term":[{"taxonomy":"product_brand","embeddable":true,"href":"https:\/\/www.guojivalve.com\/pt\/wp-json\/wp\/v2\/product_brand?post=464"},{"taxonomy":"product_cat","embeddable":true,"href":"https:\/\/www.guojivalve.com\/pt\/wp-json\/wp\/v2\/product_cat?post=464"},{"taxonomy":"product_tag","embeddable":true,"href":"https:\/\/www.guojivalve.com\/pt\/wp-json\/wp\/v2\/product_tag?post=464"}],"curies":[{"name":"wp","href":"https:\/\/api.w.org\/{rel}","templated":true}]}}