{"id":465,"date":"2024-12-30T18:10:52","date_gmt":"2024-12-30T10:10:52","guid":{"rendered":"http:\/\/www.guojivalve.com\/index.php\/product\/y-strainer-2-2-7\/"},"modified":"2025-04-15T15:09:58","modified_gmt":"2025-04-15T07:09:58","slug":"valvula-de-borboleta-de-folha-de-aco-inoxidavel","status":"publish","type":"product","link":"https:\/\/www.guojivalve.com\/pt\/produto\/valvula-de-borboleta-de-folha-de-aco-inoxidavel\/","title":{"rendered":"V\u00e1lvula de borboleta de a\u00e7o inoxid\u00e1vel"},"content":{"rendered":"<h4><strong><b>V\u00e1lvula de borboleta de a\u00e7o inoxid\u00e1vel<\/b><\/strong><\/h4>\n<p>B66059<\/p>\n<p>Tamanho: DN25-DN900<\/p>\n<p>Perfura\u00e7\u00e3o: EN1092 PN10\/PN16\/JIS\/ANSI150\/AS Tabela D\/E<\/p>\n<p>Material corporal: cf8 {{url_placeholder_0}}<\/p>\n<p>Material do assento: (EPDM\/NBR\/Buna\/Viton\/PTFE\/Hypalon\/Silicone\/Neoprene)<\/p>\n<p>Material do disco: DI+Ni,CF8,CF8M, CF3M,Duplex SS,Al-Bronze,DI+Nylon,DI+PTFE, DI Epoxy etc.<\/p>\n<p>Material da haste: 45#\/SS420\/SS410\/SS416\/SS316\/SS304\/A\u00e7o inoxid\u00e1vel duplex<\/p>\n<p><img fetchpriority=\"high\" decoding=\"async\" class=\"alignnone wp-image-522 size-full\" src=\"https:\/\/www.guojivalve.com\/wp-content\/uploads\/2024\/12\/Triple-Offset-Butterfly-Valve-Flanged-Type-3.jpg\" alt=\"\" width=\"908\" height=\"1163\" srcset=\"https:\/\/www.guojivalve.com\/wp-content\/uploads\/2024\/12\/Triple-Offset-Butterfly-Valve-Flanged-Type-3.jpg 908w, https:\/\/www.guojivalve.com\/wp-content\/uploads\/2024\/12\/Triple-Offset-Butterfly-Valve-Flanged-Type-3-234x300.jpg 234w, https:\/\/www.guojivalve.com\/wp-content\/uploads\/2024\/12\/Triple-Offset-Butterfly-Valve-Flanged-Type-3-799x1024.jpg 799w, https:\/\/www.guojivalve.com\/wp-content\/uploads\/2024\/12\/Triple-Offset-Butterfly-Valve-Flanged-Type-3-768x984.jpg 768w, https:\/\/www.guojivalve.com\/wp-content\/uploads\/2024\/12\/Triple-Offset-Butterfly-Valve-Flanged-Type-3-600x769.jpg 600w\" sizes=\"(max-width: 908px) 100vw, 908px\" \/><\/p>","protected":false},"excerpt":{"rendered":"<p>B66059<\/p>\n<p>Tamanho: DN25-DN900<\/p>\n<p>Perfura\u00e7\u00e3o: EN1092 PN10\/PN16\/JIS\/ANSI150\/AS Tabela D\/E<\/p>\n<p>Material corporal: cf8 {{url_placeholder_0}}<\/p>\n<p>Material do assento: (EPDM\/NBR\/Buna\/Viton\/PTFE\/Hypalon\/Silicone\/Neoprene)<\/p>\n<p>Material do disco: DI+Ni,CF8,CF8M, CF3M,Duplex SS,Al-Bronze,DI+Nylon,DI+PTFE, DI Epoxy etc.<\/p>\n<p>Material da haste: 45#\/SS420\/SS410\/SS416\/SS316\/SS304\/A\u00e7o inoxid\u00e1vel duplex<\/p>\n<p>&nbsp;<\/p>","protected":false},"featured_media":523,"comment_status":"open","ping_status":"closed","template":"","meta":{"_acf_changed":false},"product_brand":[],"product_cat":[16],"product_tag":[],"class_list":{"0":"post-465","1":"product","2":"type-product","3":"status-publish","4":"has-post-thumbnail","6":"product_cat-butterfly-valves","8":"first","9":"instock","10":"shipping-taxable","11":"product-type-simple"},"acf":[],"_links":{"self":[{"href":"https:\/\/www.guojivalve.com\/pt\/wp-json\/wp\/v2\/product\/465","targetHints":{"allow":["GET"]}}],"collection":[{"href":"https:\/\/www.guojivalve.com\/pt\/wp-json\/wp\/v2\/product"}],"about":[{"href":"https:\/\/www.guojivalve.com\/pt\/wp-json\/wp\/v2\/types\/product"}],"replies":[{"embeddable":true,"href":"https:\/\/www.guojivalve.com\/pt\/wp-json\/wp\/v2\/comments?post=465"}],"wp:featuredmedia":[{"embeddable":true,"href":"https:\/\/www.guojivalve.com\/pt\/wp-json\/wp\/v2\/media\/523"}],"wp:attachment":[{"href":"https:\/\/www.guojivalve.com\/pt\/wp-json\/wp\/v2\/media?parent=465"}],"wp:term":[{"taxonomy":"product_brand","embeddable":true,"href":"https:\/\/www.guojivalve.com\/pt\/wp-json\/wp\/v2\/product_brand?post=465"},{"taxonomy":"product_cat","embeddable":true,"href":"https:\/\/www.guojivalve.com\/pt\/wp-json\/wp\/v2\/product_cat?post=465"},{"taxonomy":"product_tag","embeddable":true,"href":"https:\/\/www.guojivalve.com\/pt\/wp-json\/wp\/v2\/product_tag?post=465"}],"curies":[{"name":"wp","href":"https:\/\/api.w.org\/{rel}","templated":true}]}}