{"id":589,"date":"2024-12-31T10:07:13","date_gmt":"2024-12-31T02:07:13","guid":{"rendered":"http:\/\/www.guojivalve.com\/?post_type=product&#038;p=589"},"modified":"2025-04-15T10:46:49","modified_gmt":"2025-04-15T02:46:49","slug":"assento-metal-nao-subindo-valvula-de-porta-tronco-bs5163","status":"publish","type":"product","link":"https:\/\/www.guojivalve.com\/pt\/produto\/assento-metal-nao-subindo-valvula-de-porta-tronco-bs5163\/","title":{"rendered":"V\u00e1lvula de gaveta de haste n\u00e3o ascendente com assento de metal (BS5163)"},"content":{"rendered":"<h4><strong><b>V\u00e1lvula de gaveta de haste n\u00e3o ascendente com assento de metal (BS5163)<\/b><\/strong><\/h4>\n<p>GA66052<\/p>\n<p>Classifica\u00e7\u00e3o: PN10\/PN16\/10K\/150LB<\/p>\n<p>Material do corpo: Ferro fundido\/Ferro d\u00factil<\/p>\n<p>Material do assento: (A\u00e7o inoxid\u00e1vel\/Lat\u00e3o\/Bronze)<\/p>\n<p>Material da cunha: Ferro fundido\/Ferro d\u00factil<\/p>\n<p>Material da haste: 45#\/SS420\/SS410\/SS416\/SS316\/SS304<\/p>\n<p><img fetchpriority=\"high\" decoding=\"async\" class=\"alignnone wp-image-590 size-full\" src=\"https:\/\/www.guojivalve.com\/wp-content\/uploads\/2024\/12\/Metal-Seat-Non-Rising-Stem-Gate-Valve-BS5163-2.jpg\" alt=\"\" width=\"916\" height=\"1163\" srcset=\"https:\/\/www.guojivalve.com\/wp-content\/uploads\/2024\/12\/Metal-Seat-Non-Rising-Stem-Gate-Valve-BS5163-2.jpg 916w, https:\/\/www.guojivalve.com\/wp-content\/uploads\/2024\/12\/Metal-Seat-Non-Rising-Stem-Gate-Valve-BS5163-2-236x300.jpg 236w, https:\/\/www.guojivalve.com\/wp-content\/uploads\/2024\/12\/Metal-Seat-Non-Rising-Stem-Gate-Valve-BS5163-2-807x1024.jpg 807w, https:\/\/www.guojivalve.com\/wp-content\/uploads\/2024\/12\/Metal-Seat-Non-Rising-Stem-Gate-Valve-BS5163-2-768x975.jpg 768w, https:\/\/www.guojivalve.com\/wp-content\/uploads\/2024\/12\/Metal-Seat-Non-Rising-Stem-Gate-Valve-BS5163-2-600x762.jpg 600w\" sizes=\"(max-width: 916px) 100vw, 916px\" \/><\/p>","protected":false},"excerpt":{"rendered":"<h4><strong><b>V\u00e1lvula de gaveta de haste n\u00e3o ascendente com assento de metal (BS5163)<\/b><\/strong><\/h4>\n<p>GA66052<\/p>\n<p>Classifica\u00e7\u00e3o: PN10\/PN16\/10K\/150LB<\/p>\n<p>Material do corpo: Ferro fundido\/Ferro d\u00factil<\/p>\n<p>Material do assento: (A\u00e7o inoxid\u00e1vel\/Lat\u00e3o\/Bronze)<\/p>\n<p>Material da cunha: Ferro fundido\/Ferro d\u00factil<\/p>\n<p>Material da haste: 45#\/SS420\/SS410\/SS416\/SS316\/SS304<\/p>","protected":false},"featured_media":591,"comment_status":"open","ping_status":"closed","template":"","meta":{"_acf_changed":false},"product_brand":[],"product_cat":[19],"product_tag":[],"class_list":{"0":"post-589","1":"product","2":"type-product","3":"status-publish","4":"has-post-thumbnail","6":"product_cat-gate-valves","8":"first","9":"instock","10":"shipping-taxable","11":"product-type-simple"},"acf":[],"_links":{"self":[{"href":"https:\/\/www.guojivalve.com\/pt\/wp-json\/wp\/v2\/product\/589","targetHints":{"allow":["GET"]}}],"collection":[{"href":"https:\/\/www.guojivalve.com\/pt\/wp-json\/wp\/v2\/product"}],"about":[{"href":"https:\/\/www.guojivalve.com\/pt\/wp-json\/wp\/v2\/types\/product"}],"replies":[{"embeddable":true,"href":"https:\/\/www.guojivalve.com\/pt\/wp-json\/wp\/v2\/comments?post=589"}],"wp:featuredmedia":[{"embeddable":true,"href":"https:\/\/www.guojivalve.com\/pt\/wp-json\/wp\/v2\/media\/591"}],"wp:attachment":[{"href":"https:\/\/www.guojivalve.com\/pt\/wp-json\/wp\/v2\/media?parent=589"}],"wp:term":[{"taxonomy":"product_brand","embeddable":true,"href":"https:\/\/www.guojivalve.com\/pt\/wp-json\/wp\/v2\/product_brand?post=589"},{"taxonomy":"product_cat","embeddable":true,"href":"https:\/\/www.guojivalve.com\/pt\/wp-json\/wp\/v2\/product_cat?post=589"},{"taxonomy":"product_tag","embeddable":true,"href":"https:\/\/www.guojivalve.com\/pt\/wp-json\/wp\/v2\/product_tag?post=589"}],"curies":[{"name":"wp","href":"https:\/\/api.w.org\/{rel}","templated":true}]}}