{"id":712,"date":"2024-12-31T15:19:27","date_gmt":"2024-12-31T07:19:27","guid":{"rendered":"http:\/\/www.guojivalve.com\/?post_type=product&#038;p=712"},"modified":"2025-04-15T10:22:28","modified_gmt":"2025-04-15T02:22:28","slug":"valvula-de-verificacao-de-discos-de-duo","status":"publish","type":"product","link":"https:\/\/www.guojivalve.com\/pt\/produto\/valvula-de-verificacao-de-discos-de-duo\/","title":{"rendered":"V\u00e1lvula de reten\u00e7\u00e3o de disco DUO"},"content":{"rendered":"<h4><strong><b>V\u00e1lvula de reten\u00e7\u00e3o de disco DUO<\/b><\/strong><\/h4>\n<p>C66026<\/p>\n<p>Classifica\u00e7\u00e3o: PN10\/PN16\/10K\/150LB<\/p>\n<p>Material do corpo: Ferro fundido\/Ferro d\u00factil\/CF8\/CF8M\/WCB<\/p>\n<p>Material do assento: (EPDM\/NBR\/Viton)<\/p>\n<p>Material do disco: Ferro d\u00factil\/CF8\/CF8M\/Duplex SS\/Bronze<\/p>\n<p>Material da haste: 45#\/SS420\/SS410\/SS416\/SS316\/SS304<\/p>\n<p><img fetchpriority=\"high\" decoding=\"async\" class=\"alignnone wp-image-714 size-full\" src=\"https:\/\/www.guojivalve.com\/wp-content\/uploads\/2024\/12\/DUO-Disc-Check-Valve-1.jpg\" alt=\"\" width=\"908\" height=\"1163\" srcset=\"https:\/\/www.guojivalve.com\/wp-content\/uploads\/2024\/12\/DUO-Disc-Check-Valve-1.jpg 908w, https:\/\/www.guojivalve.com\/wp-content\/uploads\/2024\/12\/DUO-Disc-Check-Valve-1-234x300.jpg 234w, https:\/\/www.guojivalve.com\/wp-content\/uploads\/2024\/12\/DUO-Disc-Check-Valve-1-799x1024.jpg 799w, https:\/\/www.guojivalve.com\/wp-content\/uploads\/2024\/12\/DUO-Disc-Check-Valve-1-768x984.jpg 768w, https:\/\/www.guojivalve.com\/wp-content\/uploads\/2024\/12\/DUO-Disc-Check-Valve-1-600x769.jpg 600w\" sizes=\"(max-width: 908px) 100vw, 908px\" \/><\/p>","protected":false},"excerpt":{"rendered":"<p>C66026<\/p>\n<p>Classifica\u00e7\u00e3o: PN10\/PN16\/10K\/150LB<\/p>\n<p>Material do corpo: Ferro fundido\/Ferro d\u00factil\/CF8\/CF8M\/WCB<\/p>\n<p>Material do assento: (EPDM\/NBR\/Viton)<\/p>\n<p>Material do disco: Ferro d\u00factil\/CF8\/CF8M\/Duplex SS\/Bronze<\/p>\n<p>Material da haste: 45#\/SS420\/SS410\/SS416\/SS316\/SS304<\/p>","protected":false},"featured_media":715,"comment_status":"open","ping_status":"closed","template":"","meta":{"_acf_changed":false},"product_brand":[],"product_cat":[17],"product_tag":[],"class_list":{"0":"post-712","1":"product","2":"type-product","3":"status-publish","4":"has-post-thumbnail","6":"product_cat-check-valves","8":"first","9":"instock","10":"shipping-taxable","11":"product-type-simple"},"acf":[],"_links":{"self":[{"href":"https:\/\/www.guojivalve.com\/pt\/wp-json\/wp\/v2\/product\/712","targetHints":{"allow":["GET"]}}],"collection":[{"href":"https:\/\/www.guojivalve.com\/pt\/wp-json\/wp\/v2\/product"}],"about":[{"href":"https:\/\/www.guojivalve.com\/pt\/wp-json\/wp\/v2\/types\/product"}],"replies":[{"embeddable":true,"href":"https:\/\/www.guojivalve.com\/pt\/wp-json\/wp\/v2\/comments?post=712"}],"wp:featuredmedia":[{"embeddable":true,"href":"https:\/\/www.guojivalve.com\/pt\/wp-json\/wp\/v2\/media\/715"}],"wp:attachment":[{"href":"https:\/\/www.guojivalve.com\/pt\/wp-json\/wp\/v2\/media?parent=712"}],"wp:term":[{"taxonomy":"product_brand","embeddable":true,"href":"https:\/\/www.guojivalve.com\/pt\/wp-json\/wp\/v2\/product_brand?post=712"},{"taxonomy":"product_cat","embeddable":true,"href":"https:\/\/www.guojivalve.com\/pt\/wp-json\/wp\/v2\/product_cat?post=712"},{"taxonomy":"product_tag","embeddable":true,"href":"https:\/\/www.guojivalve.com\/pt\/wp-json\/wp\/v2\/product_tag?post=712"}],"curies":[{"name":"wp","href":"https:\/\/api.w.org\/{rel}","templated":true}]}}