{"id":578,"date":"2024-12-31T09:58:44","date_gmt":"2024-12-31T01:58:44","guid":{"rendered":"http:\/\/www.guojivalve.com\/?post_type=product&#038;p=578"},"modified":"2025-04-15T10:23:05","modified_gmt":"2025-04-15T02:23:05","slug":"big-size-gear-operated-resilient-gate-valve","status":"publish","type":"product","link":"https:\/\/www.guojivalve.com\/uz\/mahsulot\/big-size-gear-operated-resilient-gate-valve\/","title":{"rendered":"Katta o&#039;lchamli red\u00fckt\u00f6r bilan ishlaydigan moslashuvchan eshik valfi"},"content":{"rendered":"<h4><strong><b>Katta o&#039;lchamli red\u00fckt\u00f6r bilan ishlaydigan moslashuvchan eshik valfi<\/b><\/strong><\/h4>\n<p>GA66067<\/p>\n<p>Yuzma-yuz: BS5163\/DIN F4\/DIN F5\/ANSI B16.1<\/p>\n<p>Reyting\/burg\u2018ulash: PN10\/PN16\/10K\/ANSI150\/D\/E jadvali<\/p>\n<p>Korpus materiali: egiluvchan temir<\/p>\n<p>O&#039;rindiq materiali: (EPDM\/NBR\/Viton)<\/p>\n<p>Takoz materiali: egiluvchan temir<\/p>\n<p>Poya materiali: 45#\/SS420\/SS410\/SS431\/SS316\/SS304<\/p>\n<p><img fetchpriority=\"high\" decoding=\"async\" class=\"alignnone wp-image-580\" src=\"http:\/\/www.guojivalve.com\/wp-content\/uploads\/2024\/12\/Big-Size-Gear-Operated-Resilient-Gate-Valve-1-1024x724.jpg\" alt=\"\" width=\"1000\" height=\"707\" srcset=\"\" sizes=\"(max-width: 1000px) 100vw, 1000px\" data-srcset=\"\" \/><\/p>","protected":false},"excerpt":{"rendered":"<p>GA66067<\/p>\n<p>Yuzma-yuz: BS5163\/DIN F4\/DIN F5\/ANSI B16.1<\/p>\n<p>Reyting\/burg\u2018ulash: PN10\/PN16\/10K\/ANSI150\/D\/E jadvali<\/p>\n<p>Korpus materiali: egiluvchan temir<\/p>\n<p>O&#039;rindiq materiali: (EPDM\/NBR\/Viton)<\/p>\n<p>Takoz materiali: egiluvchan temir<\/p>\n<p>Poya materiali: 45#\/SS420\/SS410\/SS431\/SS316\/SS304<\/p>","protected":false},"featured_media":581,"comment_status":"open","ping_status":"closed","template":"","meta":{"_acf_changed":false},"product_brand":[],"product_cat":[19],"product_tag":[],"class_list":{"0":"post-578","1":"product","2":"type-product","3":"status-publish","4":"has-post-thumbnail","6":"product_cat-gate-valves","8":"first","9":"instock","10":"shipping-taxable","11":"product-type-simple"},"acf":[],"_links":{"self":[{"href":"https:\/\/www.guojivalve.com\/uz\/wp-json\/wp\/v2\/product\/578","targetHints":{"allow":["GET"]}}],"collection":[{"href":"https:\/\/www.guojivalve.com\/uz\/wp-json\/wp\/v2\/product"}],"about":[{"href":"https:\/\/www.guojivalve.com\/uz\/wp-json\/wp\/v2\/types\/product"}],"replies":[{"embeddable":true,"href":"https:\/\/www.guojivalve.com\/uz\/wp-json\/wp\/v2\/comments?post=578"}],"wp:featuredmedia":[{"embeddable":true,"href":"https:\/\/www.guojivalve.com\/uz\/wp-json\/wp\/v2\/media\/581"}],"wp:attachment":[{"href":"https:\/\/www.guojivalve.com\/uz\/wp-json\/wp\/v2\/media?parent=578"}],"wp:term":[{"taxonomy":"product_brand","embeddable":true,"href":"https:\/\/www.guojivalve.com\/uz\/wp-json\/wp\/v2\/product_brand?post=578"},{"taxonomy":"product_cat","embeddable":true,"href":"https:\/\/www.guojivalve.com\/uz\/wp-json\/wp\/v2\/product_cat?post=578"},{"taxonomy":"product_tag","embeddable":true,"href":"https:\/\/www.guojivalve.com\/uz\/wp-json\/wp\/v2\/product_tag?post=578"}],"curies":[{"name":"wp","href":"https:\/\/api.w.org\/{rel}","templated":true}]}}